{"id":190,"date":"2026-02-06T17:20:35","date_gmt":"2026-02-06T15:20:35","guid":{"rendered":"https:\/\/onyvaacademia.com\/?page_id=190"},"modified":"2026-02-06T19:04:13","modified_gmt":"2026-02-06T17:04:13","slug":"clases-de-frances","status":"publish","type":"page","link":"https:\/\/onyvaacademia.com\/fr\/clases-de-frances\/","title":{"rendered":"Cours de Fran\u00e7ais"},"content":{"rendered":"<div data-elementor-type=\"wp-page\" data-elementor-id=\"190\" class=\"elementor elementor-190\">\n\t\t\t\t<div class=\"elementor-element elementor-element-30a6849 e-flex e-con-boxed wpr-particle-no wpr-jarallax-no wpr-parallax-no wpr-sticky-section-no e-con e-parent\" data-id=\"30a6849\" data-element_type=\"container\" data-e-type=\"container\" data-settings=\"{&quot;background_background&quot;:&quot;classic&quot;,&quot;shape_divider_bottom&quot;:&quot;wave-brush&quot;}\">\n\t\t\t\t\t<div class=\"e-con-inner\">\n\t\t\t\t<div class=\"elementor-shape elementor-shape-bottom\" aria-hidden=\"true\" data-negative=\"false\">\n\t\t\t<svg xmlns=\"http:\/\/www.w3.org\/2000\/svg\" viewbox=\"0 0 283.5 27.8\" preserveaspectratio=\"none\">\n\t<path class=\"elementor-shape-fill\" d=\"M283.5,9.7c0,0-7.3,4.3-14,4.6c-6.8,0.3-12.6,0-20.9-1.5c-11.3-2-33.1-10.1-44.7-5.7\ts-12.1,4.6-18,7.4c-6.6,3.2-20,9.6-36.6,9.3C131.6,23.5,99.5,7.2,86.3,8c-1.4,0.1-6.6,0.8-10.5,2c-3.8,1.2-9.4,3.8-17,4.7\tc-3.2,0.4-8.3,1.1-14.2,0.9c-1.5-0.1-6.3-0.4-12-1.6c-5.7-1.2-11-3.1-15.8-3.7C6.5,9.2,0,10.8,0,10.8V0h283.5V9.7z M260.8,11.3\tc-0.7-1-2-0.4-4.3-0.4c-2.3,0-6.1-1.2-5.8-1.1c0.3,0.1,3.1,1.5,6,1.9C259.7,12.2,261.4,12.3,260.8,11.3z M242.4,8.6\tc0,0-2.4-0.2-5.6-0.9c-3.2-0.8-10.3-2.8-15.1-3.5c-8.2-1.1-15.8,0-15.1,0.1c0.8,0.1,9.6-0.6,17.6,1.1c3.3,0.7,9.3,2.2,12.4,2.7\tC239.9,8.7,242.4,8.6,242.4,8.6z M185.2,8.5c1.7-0.7-13.3,4.7-18.5,6.1c-2.1,0.6-6.2,1.6-10,2c-3.9,0.4-8.9,0.4-8.8,0.5\tc0,0.2,5.8,0.8,11.2,0c5.4-0.8,5.2-1.1,7.6-1.6C170.5,14.7,183.5,9.2,185.2,8.5z M199.1,6.9c0.2,0-0.8-0.4-4.8,1.1\tc-4,1.5-6.7,3.5-6.9,3.7c-0.2,0.1,3.5-1.8,6.6-3C197,7.5,199,6.9,199.1,6.9z M283,6c-0.1,0.1-1.9,1.1-4.8,2.5s-6.9,2.8-6.7,2.7\tc0.2,0,3.5-0.6,7.4-2.5C282.8,6.8,283.1,5.9,283,6z M31.3,11.6c0.1-0.2-1.9-0.2-4.5-1.2s-5.4-1.6-7.8-2C15,7.6,7.3,8.5,7.7,8.6\tC8,8.7,15.9,8.3,20.2,9.3c2.2,0.5,2.4,0.5,5.7,1.6S31.2,11.9,31.3,11.6z M73,9.2c0.4-0.1,3.5-1.6,8.4-2.6c4.9-1.1,8.9-0.5,8.9-0.8\tc0-0.3-1-0.9-6.2-0.3S72.6,9.3,73,9.2z M71.6,6.7C71.8,6.8,75,5.4,77.3,5c2.3-0.3,1.9-0.5,1.9-0.6c0-0.1-1.1-0.2-2.7,0.2\tC74.8,5.1,71.4,6.6,71.6,6.7z M93.6,4.4c0.1,0.2,3.5,0.8,5.6,1.8c2.1,1,1.8,0.6,1.9,0.5c0.1-0.1-0.8-0.8-2.4-1.3\tC97.1,4.8,93.5,4.2,93.6,4.4z M65.4,11.1c-0.1,0.3,0.3,0.5,1.9-0.2s2.6-1.3,2.2-1.2s-0.9,0.4-2.5,0.8C65.3,10.9,65.5,10.8,65.4,11.1\tz M34.5,12.4c-0.2,0,2.1,0.8,3.3,0.9c1.2,0.1,2,0.1,2-0.2c0-0.3-0.1-0.5-1.6-0.4C36.6,12.8,34.7,12.4,34.5,12.4z M152.2,21.1\tc-0.1,0.1-2.4-0.3-7.5-0.3c-5,0-13.6-2.4-17.2-3.5c-3.6-1.1,10,3.9,16.5,4.1C150.5,21.6,152.3,21,152.2,21.1z\"\/>\n\t<path class=\"elementor-shape-fill\" d=\"M269.6,18c-0.1-0.1-4.6,0.3-7.2,0c-7.3-0.7-17-3.2-16.6-2.9c0.4,0.3,13.7,3.1,17,3.3\tC267.7,18.8,269.7,18,269.6,18z\"\/>\n\t<path class=\"elementor-shape-fill\" d=\"M227.4,9.8c-0.2-0.1-4.5-1-9.5-1.2c-5-0.2-12.7,0.6-12.3,0.5c0.3-0.1,5.9-1.8,13.3-1.2\tS227.6,9.9,227.4,9.8z\"\/>\n\t<path class=\"elementor-shape-fill\" d=\"M204.5,13.4c-0.1-0.1,2-1,3.2-1.1c1.2-0.1,2,0,2,0.3c0,0.3-0.1,0.5-1.6,0.4\tC206.4,12.9,204.6,13.5,204.5,13.4z\"\/>\n\t<path class=\"elementor-shape-fill\" d=\"M201,10.6c0-0.1-4.4,1.2-6.3,2.2c-1.9,0.9-6.2,3.1-6.1,3.1c0.1,0.1,4.2-1.6,6.3-2.6\tS201,10.7,201,10.6z\"\/>\n\t<path class=\"elementor-shape-fill\" d=\"M154.5,26.7c-0.1-0.1-4.6,0.3-7.2,0c-7.3-0.7-17-3.2-16.6-2.9c0.4,0.3,13.7,3.1,17,3.3\tC152.6,27.5,154.6,26.8,154.5,26.7z\"\/>\n\t<path class=\"elementor-shape-fill\" d=\"M41.9,19.3c0,0,1.2-0.3,2.9-0.1c1.7,0.2,5.8,0.9,8.2,0.7c4.2-0.4,7.4-2.7,7-2.6\tc-0.4,0-4.3,2.2-8.6,1.9c-1.8-0.1-5.1-0.5-6.7-0.4S41.9,19.3,41.9,19.3z\"\/>\n\t<path class=\"elementor-shape-fill\" d=\"M75.5,12.6c0.2,0.1,2-0.8,4.3-1.1c2.3-0.2,2.1-0.3,2.1-0.5c0-0.1-1.8-0.4-3.4,0\tC76.9,11.5,75.3,12.5,75.5,12.6z\"\/>\n\t<path class=\"elementor-shape-fill\" d=\"M15.6,13.2c0-0.1,4.3,0,6.7,0.5c2.4,0.5,5,1.9,5,2c0,0.1-2.7-0.8-5.1-1.4\tC19.9,13.7,15.7,13.3,15.6,13.2z\"\/>\n<\/svg>\t\t<\/div>\n\t\t<div class=\"elementor-element elementor-element-9b29d12 e-con-full animated-slow e-flex wpr-particle-no wpr-jarallax-no wpr-parallax-no wpr-sticky-section-no elementor-invisible e-con e-child\" data-id=\"9b29d12\" data-element_type=\"container\" data-e-type=\"container\" data-settings=\"{&quot;animation&quot;:&quot;fadeIn&quot;}\">\n\t\t\t\t<div class=\"elementor-element elementor-element-da54129 elementor-widget elementor-widget-heading\" data-id=\"da54129\" data-element_type=\"widget\" data-e-type=\"widget\" data-widget_type=\"heading.default\">\n\t\t\t\t\t<h2 class=\"elementor-heading-title elementor-size-default\">Nos cours de Fran\u00e7ais<\/h2>\t\t\t\t<\/div>\n\t\t\t\t<div class=\"elementor-element elementor-element-b8e7da6 elementor-widget elementor-widget-text-editor\" data-id=\"b8e7da6\" data-element_type=\"widget\" data-e-type=\"widget\" data-widget_type=\"text-editor.default\">\n\t\t\t\t\t\t\t\t\t<p class=\"p1\">EN SAVOIR PLUS<\/p>\t\t\t\t\t\t\t\t<\/div>\n\t\t\t\t<div class=\"elementor-element elementor-element-aefa999 elementor-view-default elementor-widget elementor-widget-icon\" data-id=\"aefa999\" data-element_type=\"widget\" data-e-type=\"widget\" data-widget_type=\"icon.default\">\n\t\t\t\t\t\t\t<div class=\"elementor-icon-wrapper\">\n\t\t\t<div class=\"elementor-icon\">\n\t\t\t<svg aria-hidden=\"true\" class=\"e-font-icon-svg e-fas-angle-double-down\" viewbox=\"0 0 320 512\" xmlns=\"http:\/\/www.w3.org\/2000\/svg\"><path d=\"M143 256.3L7 120.3c-9.4-9.4-9.4-24.6 0-33.9l22.6-22.6c9.4-9.4 24.6-9.4 33.9 0l96.4 96.4 96.4-96.4c9.4-9.4 24.6-9.4 33.9 0L313 86.3c9.4 9.4 9.4 24.6 0 33.9l-136 136c-9.4 9.5-24.6 9.5-34 .1zm34 192l136-136c9.4-9.4 9.4-24.6 0-33.9l-22.6-22.6c-9.4-9.4-24.6-9.4-33.9 0L160 352.1l-96.4-96.4c-9.4-9.4-24.6-9.4-33.9 0L7 278.3c-9.4 9.4-9.4 24.6 0 33.9l136 136c9.4 9.5 24.6 9.5 34 .1z\"><\/path><\/svg>\t\t\t<\/div>\n\t\t<\/div>\n\t\t\t\t\t\t<\/div>\n\t\t\t\t<\/div>\n\t\t\t\t\t<\/div>\n\t\t\t\t<\/div>\n\t\t<div class=\"elementor-element elementor-element-5121dd5 e-flex e-con-boxed wpr-particle-no wpr-jarallax-no wpr-parallax-no wpr-sticky-section-no e-con e-parent\" data-id=\"5121dd5\" data-element_type=\"container\" data-e-type=\"container\" data-settings=\"{&quot;background_background&quot;:&quot;classic&quot;}\">\n\t\t\t\t\t<div class=\"e-con-inner\">\n\t\t<div class=\"elementor-element elementor-element-bae32a4 e-con-full animated-slow e-flex wpr-particle-no wpr-jarallax-no wpr-parallax-no wpr-sticky-section-no elementor-invisible e-con e-child\" data-id=\"bae32a4\" data-element_type=\"container\" data-e-type=\"container\" data-settings=\"{&quot;animation&quot;:&quot;fadeIn&quot;}\">\n\t\t\t\t<div class=\"elementor-element elementor-element-3bf2326 elementor-widget elementor-widget-heading\" data-id=\"3bf2326\" data-element_type=\"widget\" data-e-type=\"widget\" data-widget_type=\"heading.default\">\n\t\t\t\t\t<h2 class=\"elementor-heading-title elementor-size-default\">Pr\u00e9paration aux examens officiels de fran\u00e7ais<\/h2>\t\t\t\t<\/div>\n\t\t\t\t<div class=\"elementor-element elementor-element-c71f617 elementor-widget elementor-widget-text-editor\" data-id=\"c71f617\" data-element_type=\"widget\" data-e-type=\"widget\" data-widget_type=\"text-editor.default\">\n\t\t\t\t\t\t\t\t\t<p class=\"p1\">(DELF, DALF, TCF, EOI)<\/p>\t\t\t\t\t\t\t\t<\/div>\n\t\t\t\t<div class=\"elementor-element elementor-element-fece44d elementor-widget elementor-widget-text-editor\" data-id=\"fece44d\" data-element_type=\"widget\" data-e-type=\"widget\" data-widget_type=\"text-editor.default\">\n\t\t\t\t\t\t\t\t\t<p class=\"p1\">Passer un examen peut \u00eatre stressant, mais avec la bonne pr\u00e9paration, tout devient plus simple. Dans ces cours, tu apprendras \u00e0 g\u00e9rer ton temps, \u00e0 organiser tes r\u00e9ponses et \u00e0 utiliser les meilleures strat\u00e9gies pour chaque \u00e9preuve (compr\u00e9hension orale, compr\u00e9hension \u00e9crite, production \u00e9crite et production orale). <br \/><br \/><strong>L\u2019objectif<\/strong>: que tu arrives confiant\u00b7e le jour J, avec toutes les cartes en main pour d\u00e9crocher ton dipl\u00f4me. <br \/><br \/><strong>Au programme<\/strong>: entra\u00eenements r\u00e9guliers, corrections personnalis\u00e9es, simulations d\u2019examen et suivi de tes progr\u00e8s.<\/p>\t\t\t\t\t\t\t\t<\/div>\n\t\t\t\t<\/div>\n\t\t\t\t\t<\/div>\n\t\t\t\t<\/div>\n\t\t<div class=\"elementor-element elementor-element-cfc02d2 e-flex e-con-boxed wpr-particle-no wpr-jarallax-no wpr-parallax-no wpr-sticky-section-no e-con e-parent\" data-id=\"cfc02d2\" data-element_type=\"container\" data-e-type=\"container\" data-settings=\"{&quot;background_background&quot;:&quot;classic&quot;}\">\n\t\t\t\t\t<div class=\"e-con-inner\">\n\t\t<div class=\"elementor-element elementor-element-26d3565 e-con-full animated-slow e-flex wpr-particle-no wpr-jarallax-no wpr-parallax-no wpr-sticky-section-no elementor-invisible e-con e-child\" data-id=\"26d3565\" data-element_type=\"container\" data-e-type=\"container\" data-settings=\"{&quot;animation&quot;:&quot;fadeIn&quot;}\">\n\t\t\t\t<div class=\"elementor-element elementor-element-064fda9 elementor-widget elementor-widget-heading\" data-id=\"064fda9\" data-element_type=\"widget\" data-e-type=\"widget\" data-widget_type=\"heading.default\">\n\t\t\t\t\t<h2 class=\"elementor-heading-title elementor-size-default\">Soutien scolaire<\/h2>\t\t\t\t<\/div>\n\t\t\t\t<div class=\"elementor-element elementor-element-febeea3 elementor-widget elementor-widget-text-editor\" data-id=\"febeea3\" data-element_type=\"widget\" data-e-type=\"widget\" data-widget_type=\"text-editor.default\">\n\t\t\t\t\t\t\t\t\t<p class=\"p1\">Tu veux am\u00e9liorer tes notes en fran\u00e7ais ou retrouver confiance avant un contr\u00f4le ? Je t\u2019accompagne avec des m\u00e9thodes dynamiques adapt\u00e9es \u00e0 ton niveau et \u00e0 tes besoins. On travaille ensemble la grammaire, le vocabulaire, la lecture, l\u2019expression \u00e9crite et orale\u2026 mais sans jamais s\u2019ennuyer.<\/p><p class=\"p1\"><strong>L\u2019objectif<\/strong>: progresser durablement, gagner en autonomie et retrouver le plaisir d\u2019apprendre le fran\u00e7ais. <br \/><br \/><strong>Au programme<\/strong> : explications claires, entra\u00eenements, astuces pour apprendre plus vite et activit\u00e9s ludiques qui te donneront envie d\u2019aller plus loin.<\/p>\t\t\t\t\t\t\t\t<\/div>\n\t\t\t\t<\/div>\n\t\t\t\t\t<\/div>\n\t\t\t\t<\/div>\n\t\t<div class=\"elementor-element elementor-element-ee50bd5 e-flex e-con-boxed wpr-particle-no wpr-jarallax-no wpr-parallax-no wpr-sticky-section-no e-con e-parent\" data-id=\"ee50bd5\" data-element_type=\"container\" data-e-type=\"container\" data-settings=\"{&quot;background_background&quot;:&quot;classic&quot;}\">\n\t\t\t\t\t<div class=\"e-con-inner\">\n\t\t<div class=\"elementor-element elementor-element-a7f7583 e-con-full animated-slow e-flex wpr-particle-no wpr-jarallax-no wpr-parallax-no wpr-sticky-section-no elementor-invisible e-con e-child\" data-id=\"a7f7583\" data-element_type=\"container\" data-e-type=\"container\" data-settings=\"{&quot;animation&quot;:&quot;fadeIn&quot;}\">\n\t\t\t\t<div class=\"elementor-element elementor-element-0c14af8 elementor-widget elementor-widget-heading\" data-id=\"0c14af8\" data-element_type=\"widget\" data-e-type=\"widget\" data-widget_type=\"heading.default\">\n\t\t\t\t\t<h2 class=\"elementor-heading-title elementor-size-default\">Cours pour les entreprises<\/h2>\t\t\t\t<\/div>\n\t\t\t\t<div class=\"elementor-element elementor-element-46a571a elementor-widget elementor-widget-text-editor\" data-id=\"46a571a\" data-element_type=\"widget\" data-e-type=\"widget\" data-widget_type=\"text-editor.default\">\n\t\t\t\t\t\t\t\t\t<p class=\"p1\">Le fran\u00e7ais est un atout incontournable dans de nombreux secteurs professionnels. Ces cours sont pens\u00e9s pour les entreprises qui souhaitent former leurs collaborateurs \u00e0 une communication efficace et professionnelle.<br \/><br \/><strong>L\u2019objectif<\/strong>: une \u00e9quipe polyvalente plus confiante et performante au quotidien.<br \/><br \/><strong>Au programme<\/strong> : vocabulaire sp\u00e9cialis\u00e9, mises en situation r\u00e9elles (r\u00e9unions, pr\u00e9sentations, n\u00e9gociations, e-mails), compr\u00e9hension des codes culturels fran\u00e7ais et entra\u00eenement \u00e0 l\u2019aisance \u00e0 l\u2019oral.<\/p>\t\t\t\t\t\t\t\t<\/div>\n\t\t\t\t<\/div>\n\t\t\t\t\t<\/div>\n\t\t\t\t<\/div>\n\t\t<div class=\"elementor-element elementor-element-086f26b e-flex e-con-boxed wpr-particle-no wpr-jarallax-no wpr-parallax-no wpr-sticky-section-no e-con e-parent\" data-id=\"086f26b\" data-element_type=\"container\" data-e-type=\"container\" data-settings=\"{&quot;background_background&quot;:&quot;classic&quot;}\">\n\t\t\t\t\t<div class=\"e-con-inner\">\n\t\t<div class=\"elementor-element elementor-element-844fcbf e-con-full animated-slow e-flex wpr-particle-no wpr-jarallax-no wpr-parallax-no wpr-sticky-section-no elementor-invisible e-con e-child\" data-id=\"844fcbf\" data-element_type=\"container\" data-e-type=\"container\" data-settings=\"{&quot;animation&quot;:&quot;fadeIn&quot;}\">\n\t\t\t\t<div class=\"elementor-element elementor-element-263a086 elementor-widget elementor-widget-heading\" data-id=\"263a086\" data-element_type=\"widget\" data-e-type=\"widget\" data-widget_type=\"heading.default\">\n\t\t\t\t\t<h2 class=\"elementor-heading-title elementor-size-default\">Apprentissage pour le plaisir<\/h2>\t\t\t\t<\/div>\n\t\t\t\t<div class=\"elementor-element elementor-element-a8d2525 elementor-widget elementor-widget-text-editor\" data-id=\"a8d2525\" data-element_type=\"widget\" data-e-type=\"widget\" data-widget_type=\"text-editor.default\">\n\t\t\t\t\t\t\t\t\t<p class=\"p1\">Tu veux apprendre le fran\u00e7ais sans contrainte, simplement pour le plaisir de d\u00e9couvrir une nouvelle langue et une nouvelle culture ? Ces cours te permettent de t\u2019exprimer librement, d\u2019\u00e9largir ton vocabulaire et de pratiquer \u00e0 ton rythme, sans pression.<br \/><br \/><strong>L\u2019objectif<\/strong>: progresser naturellement tout en prenant plaisir \u00e0 parler fran\u00e7ais au quotidien <br \/><br \/><strong>Au programme<\/strong>: conversations authentiques, d\u00e9couvertes culturelles, jeux de r\u00f4le, vid\u00e9os, podcasts\u2026 bref, tout ce qui rend l\u2019apprentissage vivant et agr\u00e9able.<\/p>\t\t\t\t\t\t\t\t<\/div>\n\t\t\t\t<\/div>\n\t\t\t\t\t<\/div>\n\t\t\t\t<\/div>\n\t\t<div class=\"elementor-element elementor-element-bc0d94b e-flex e-con-boxed wpr-particle-no wpr-jarallax-no wpr-parallax-no wpr-sticky-section-no e-con e-parent\" data-id=\"bc0d94b\" data-element_type=\"container\" data-e-type=\"container\" data-settings=\"{&quot;background_background&quot;:&quot;classic&quot;}\">\n\t\t\t\t\t<div class=\"e-con-inner\">\n\t\t<div class=\"elementor-element elementor-element-124b374 e-con-full animated-slow e-flex wpr-particle-no wpr-jarallax-no wpr-parallax-no wpr-sticky-section-no elementor-invisible e-con e-child\" data-id=\"124b374\" data-element_type=\"container\" data-e-type=\"container\" data-settings=\"{&quot;animation&quot;:&quot;fadeIn&quot;}\">\n\t\t\t\t<div class=\"elementor-element elementor-element-21bb824 elementor-widget elementor-widget-heading\" data-id=\"21bb824\" data-element_type=\"widget\" data-e-type=\"widget\" data-widget_type=\"heading.default\">\n\t\t\t\t\t<h2 class=\"elementor-heading-title elementor-size-default\">S'installer dans un pays Francophone<\/h2>\t\t\t\t<\/div>\n\t\t\t\t<div class=\"elementor-element elementor-element-49dfa23 elementor-widget elementor-widget-text-editor\" data-id=\"49dfa23\" data-element_type=\"widget\" data-e-type=\"widget\" data-widget_type=\"text-editor.default\">\n\t\t\t\t\t\t\t\t\t<p class=\"p1\">Tu as le projet de vivre en France, au Canada, en Belgique, en Suisse ou dans un autre pays francophone ? Ces cours t\u2019aident \u00e0 pr\u00e9parer ton arriv\u00e9e et \u00e0 te sentir rapidement \u00e0 l\u2019aise dans ton nouvel environnement.<br \/><br \/><strong>L\u2019objectif<\/strong>: t\u2019int\u00e9grer plus facilement et vivre ton expatriation en toute s\u00e9r\u00e9nit\u00e9. <br \/><br \/><strong>Au programme<\/strong>: fran\u00e7ais du quotidien (logement, transports, sant\u00e9, \u00e9ducation\u2026), d\u00e9marches administratives, culture locale et expressions indispensables.<\/p>\t\t\t\t\t\t\t\t<\/div>\n\t\t\t\t<\/div>\n\t\t\t\t\t<\/div>\n\t\t\t\t<\/div>\n\t\t<div class=\"elementor-element elementor-element-f2e2cd2 e-flex e-con-boxed wpr-particle-no wpr-jarallax-no wpr-parallax-no wpr-sticky-section-no e-con e-parent\" data-id=\"f2e2cd2\" data-element_type=\"container\" data-e-type=\"container\" data-settings=\"{&quot;background_background&quot;:&quot;classic&quot;}\">\n\t\t\t\t\t<div class=\"e-con-inner\">\n\t\t<div class=\"elementor-element elementor-element-cc6de87 e-con-full animated-slow e-flex wpr-particle-no wpr-jarallax-no wpr-parallax-no wpr-sticky-section-no elementor-invisible e-con e-child\" data-id=\"cc6de87\" data-element_type=\"container\" data-e-type=\"container\" data-settings=\"{&quot;animation&quot;:&quot;fadeIn&quot;}\">\n\t\t\t\t<div class=\"elementor-element elementor-element-7c57d49 elementor-widget elementor-widget-heading\" data-id=\"7c57d49\" data-element_type=\"widget\" data-e-type=\"widget\" data-widget_type=\"heading.default\">\n\t\t\t\t\t<h2 class=\"elementor-heading-title elementor-size-default\">Cours de conversation<\/h2>\t\t\t\t<\/div>\n\t\t\t\t<div class=\"elementor-element elementor-element-6a4f00e elementor-widget elementor-widget-text-editor\" data-id=\"6a4f00e\" data-element_type=\"widget\" data-e-type=\"widget\" data-widget_type=\"text-editor.default\">\n\t\t\t\t\t\t\t\t\t<p class=\"p1\">Tu as d\u00e9j\u00e0 un bon niveau de fran\u00e7ais et tu veux le garder actif, naturel, voire le perfectionner? Les cours de conversation sont parfaits pour toi. Pas de manuels, pas d\u2019exercices lourds : juste de vraies discussions adapt\u00e9es \u00e0 ton niveau et \u00e0 tes centres d\u2019int\u00e9r\u00eat.<br \/><br \/><strong>L\u2019objectif<\/strong>: rester fluide, spontan\u00e9 et confiant \u00e0 l\u2019oral.<br \/><br \/><strong>Au programme<\/strong>: d\u00e9bats, actualit\u00e9s, vid\u00e9os, corrections instantan\u00e9es et enrichissement du vocabulaire.<\/p>\t\t\t\t\t\t\t\t<\/div>\n\t\t\t\t<\/div>\n\t\t\t\t\t<\/div>\n\t\t\t\t<\/div>\n\t\t<div class=\"elementor-element elementor-element-3fe53969 e-con-full e-flex wpr-particle-no wpr-jarallax-no wpr-parallax-no wpr-sticky-section-no e-con e-parent\" data-id=\"3fe53969\" data-element_type=\"container\" data-e-type=\"container\" data-settings=\"{&quot;background_background&quot;:&quot;classic&quot;}\">\n\t\t<div class=\"elementor-element elementor-element-3e27f456 e-con-full e-flex wpr-particle-no wpr-jarallax-no wpr-parallax-no wpr-sticky-section-no e-con e-child\" data-id=\"3e27f456\" data-element_type=\"container\" data-e-type=\"container\">\n\t\t\t\t<div class=\"elementor-element elementor-element-5ce36929 elementor-widget elementor-widget-image\" data-id=\"5ce36929\" data-element_type=\"widget\" data-e-type=\"widget\" data-widget_type=\"image.default\">\n\t\t\t\t\t\t\t\t\t\t\t\t\t\t\t<img fetchpriority=\"high\" decoding=\"async\" width=\"1024\" height=\"184\" src=\"https:\/\/onyvaacademia.com\/wp-content\/uploads\/2025\/09\/Onyva_logo_typographique_site-1.svg\" class=\"attachment-large size-large wp-image-17\" alt=\"Logo Onyva clases de espanol typographique blanc\" \/>\t\t\t\t\t\t\t\t\t\t\t\t\t\t\t<\/div>\n\t\t\t\t<\/div>\n\t\t<div class=\"elementor-element elementor-element-3dd6c841 e-con-full e-flex wpr-particle-no wpr-jarallax-no wpr-parallax-no wpr-sticky-section-no e-con e-child\" data-id=\"3dd6c841\" data-element_type=\"container\" data-e-type=\"container\">\n\t\t\t\t<div class=\"elementor-element elementor-element-223e3c81 elementor-widget elementor-widget-heading\" data-id=\"223e3c81\" data-element_type=\"widget\" data-e-type=\"widget\" data-widget_type=\"heading.default\">\n\t\t\t\t\t<h4 class=\"elementor-heading-title elementor-size-default\">Contactez-moi<\/h4>\t\t\t\t<\/div>\n\t\t\t\t<div class=\"elementor-element elementor-element-17b6d1b6 elementor-widget elementor-widget-text-editor\" data-id=\"17b6d1b6\" data-element_type=\"widget\" data-e-type=\"widget\" data-widget_type=\"text-editor.default\">\n\t\t\t\t\t\t\t\t\t<p>email : <a href=\"mailto:info@onyvaacademia.com\">info@onyvaacademia.com<\/a><br \/>T\u00e9l\u00e9phone : <a href=\"tel:34652838574\">+34 652 838 574<\/a><\/p>\t\t\t\t\t\t\t\t<\/div>\n\t\t\t\t<\/div>\n\t\t\t\t<\/div>\n\t\t\t\t<\/div>","protected":false},"excerpt":{"rendered":"<p>Nuestras clases de franc\u00e9s SABER M\u00c1S Preparaci\u00f3n para los ex\u00e1menes oficiales de franc\u00e9s (DELF, DALF, TCF, EOI) Presentarse a un examen puede ser estresante, pero con una buena preparaci\u00f3n, todo resulta mucho m\u00e1s sencillo. En estas clases aprender\u00e1s a gestionar tu tiempo, organizar tus respuestas y aplicar las mejores estrategias para cada prueba (comprensi\u00f3n oral, comprensi\u00f3n escrita, producci\u00f3n escrita y producci\u00f3n oral). El objetivo: que llegues al d\u00eda del examen con confianza, y con todas las herramientas necesarias para obtener tu diploma. C\u00f3mo lo conseguiremos: pr\u00e1cticas regulares, correcciones personalizadas, simulacros de examen y seguimiento de tus progresos. Apoyo escolar \u00bfQuieres mejorar tus notas en franc\u00e9s o ir a un examen con m\u00e1s seguridad? Te acompa\u00f1o con m\u00e9todos din\u00e1micos, adaptados a tu nivel y a tus necesidades. Trabajamos juntos la gram\u00e1tica, el vocabulario, la lectura y la expresi\u00f3n escrita y oral\u2026 pero sin aburrirnos nunca. El objetivo: progresar de manera s\u00f3lida, ganar autonom\u00eda y descubrir el placer de aprender franc\u00e9s. C\u00f3mo lo conseguiremos explicaciones claras, pr\u00e1ctica, trucos para aprender m\u00e1s r\u00e1pido y actividades divertidas que te motivar\u00e1n a seguir avanzando. Cursos para empresas El franc\u00e9s es un recurso imprescindible en muchos sectores profesionales. Estas clases est\u00e1n dise\u00f1adas para empresas que desean formar a sus colaboradores en una comunicaci\u00f3n eficaz y profesional. El objetivo: un equipo polivalente m\u00e1s seguro y eficaz en su trabajo diario. C\u00f3mo lo conseguiremos vocabulario especializado, situaciones reales (reuniones, presentaciones, negociaciones, correos electr\u00f3nicos), comprensi\u00f3n de los c\u00f3digos culturales franceses y pr\u00e1ctica para ganar fluidez oral. Aprender por gusto \u00bfQuieres aprender franc\u00e9s sin presiones, simplemente por el placer de descubrir un nuevo idioma y una nueva cultura? Estas clases te permiten expresarte libremente, ampliar tu vocabulario y practicar a tu propio ritmo, sin estr\u00e9s. El objetivo: progresar de manera natural mientras disfrutas hablando franc\u00e9s en tu d\u00eda a d\u00eda. C\u00f3mo lo conseguiremos: conversaciones aut\u00e9nticas, descubrimientos culturales, v\u00eddeos, podcasts, juegos de rol, \u2026 En definitiva, todo lo que hace que el aprendizaje sea vivo y divertido. Instalarse en un pa\u00eds franc\u00f3fono \u00bfTienes el proyecto de vivir en Francia, Canad\u00e1, B\u00e9lgica, Suiza u otro pa\u00eds franc\u00f3fono? Estas clases te ayudan a preparar tu llegada y a sentirte c\u00f3modo r\u00e1pidamente en tu nuevo entorno. El objetivo: integrarte m\u00e1s f\u00e1cilmente y disfrutar de tu expatriaci\u00f3n con total tranquilidad. C\u00f3mo lo conseguiremos: franc\u00e9s cotidiano (vivienda, transporte, salud, educaci\u00f3n\u2026), tr\u00e1mites administrativos, cultura local y expresiones indispensables. Clases de conversaci\u00f3n \u00bfYa tienes un buen nivel de franc\u00e9s y quieres mantenerlo activo, natural e incluso perfeccionarlo? Las clases de conversaci\u00f3n son perfectas para ti. Nada de manuales ni ejercicios pesados: solo conversaciones reales adaptadas a tu nivel y a tus intereses. El objetivo: mantenerte fluido, espont\u00e1neo y seguro al hablar. C\u00f3mo lo conseguiremos: debates, actualidad, v\u00eddeos, correcciones al instante y enriquecimiento del vocabulario. Contactame email : info@onyvaacademia.comtel\u00e9fono : +34 652 838 574<\/p>","protected":false},"author":1,"featured_media":0,"parent":0,"menu_order":0,"comment_status":"closed","ping_status":"closed","template":"","meta":{"_kad_post_transparent":"","_kad_post_title":"hide","_kad_post_layout":"fullwidth","_kad_post_sidebar_id":"","_kad_post_content_style":"unboxed","_kad_post_vertical_padding":"hide","_kad_post_feature":"hide","_kad_post_feature_position":"","_kad_post_header":false,"_kad_post_footer":false,"footnotes":""},"class_list":["post-190","page","type-page","status-publish","hentry"],"_links":{"self":[{"href":"https:\/\/onyvaacademia.com\/fr\/wp-json\/wp\/v2\/pages\/190","targetHints":{"allow":["GET"]}}],"collection":[{"href":"https:\/\/onyvaacademia.com\/fr\/wp-json\/wp\/v2\/pages"}],"about":[{"href":"https:\/\/onyvaacademia.com\/fr\/wp-json\/wp\/v2\/types\/page"}],"author":[{"embeddable":true,"href":"https:\/\/onyvaacademia.com\/fr\/wp-json\/wp\/v2\/users\/1"}],"replies":[{"embeddable":true,"href":"https:\/\/onyvaacademia.com\/fr\/wp-json\/wp\/v2\/comments?post=190"}],"version-history":[{"count":28,"href":"https:\/\/onyvaacademia.com\/fr\/wp-json\/wp\/v2\/pages\/190\/revisions"}],"predecessor-version":[{"id":257,"href":"https:\/\/onyvaacademia.com\/fr\/wp-json\/wp\/v2\/pages\/190\/revisions\/257"}],"wp:attachment":[{"href":"https:\/\/onyvaacademia.com\/fr\/wp-json\/wp\/v2\/media?parent=190"}],"curies":[{"name":"wp","href":"https:\/\/api.w.org\/{rel}","templated":true}]}}